{"id":21916,"date":"2024-06-06T09:49:29","date_gmt":"2024-06-06T07:49:29","guid":{"rendered":"https:\/\/www.noz.fr\/?page_id=21916"},"modified":"2024-07-17T10:08:06","modified_gmt":"2024-07-17T08:08:06","slug":"la-nozletter","status":"publish","type":"page","link":"https:\/\/www.noz.fr\/en\/la-nozletter\/","title":{"rendered":"The NOZ'letter"},"content":{"rendered":"<style type=\"text\/css\" data-created_by=\"avia_inline_auto\" id=\"style-css-av-2gacwpo-a092ca63a0763d8894691cdeb9db29a6\">\n.avia-section.av-2gacwpo-a092ca63a0763d8894691cdeb9db29a6{\nmargin-top:50px;\nmargin-bottom:-90px;\n}\n<\/style>\n<div id='av_section_1'  class='avia-section av-2gacwpo-a092ca63a0763d8894691cdeb9db29a6 main_color avia-section-default avia-no-border-styling  avia-builder-el-0  el_before_av_section  avia-builder-el-first  container-filariane avia-bg-style-scroll container_wrap fullsize'  ><div class='container av-section-cont-open' ><main  role=\"main\" itemprop=\"mainContentOfPage\"  class='template-page content  av-content-full alpha units'><div class='post-entry post-entry-type-page post-entry-21916'><div class='entry-content-wrapper clearfix'>\n<div  class='flex_column av-71kzgc-d32cce34f550523283a85c0459bbd8fe av_one_full  avia-builder-el-1  avia-builder-el-no-sibling  first flex_column_div'     ><\/div><\/div><\/div><\/main><!-- close content main element --><\/div><\/div><div id='av_section_2'  class='avia-section av-1cu5iak-f11e2b701e77d04f8f34ceeaca04e8b6 main_color avia-section-default avia-no-border-styling  avia-builder-el-3  el_after_av_section  el_before_av_section  top-header-type-img-title avia-bg-style-scroll container_wrap fullsize'  ><div class='container av-section-cont-open' ><div class='template-page content  av-content-full alpha units'><div class='post-entry post-entry-type-page post-entry-21916'><div class='entry-content-wrapper clearfix'>\n<div class='flex_column_table av-lwynw36w-a15de1effd232bb7d147ef40230c781a sc-av_one_half av-mobile-columns-flex av-columns-reverse av-equal-height-column-flextable'>\n<style type=\"text\/css\" data-created_by=\"avia_inline_auto\" id=\"style-css-av-lwynw36w-a15de1effd232bb7d147ef40230c781a\">\n.flex_column.av-lwynw36w-a15de1effd232bb7d147ef40230c781a{\nbackground:url(https:\/\/www.noz.fr\/uploads\/2024\/06\/newsletter-1.jpg) 50% 50% no-repeat scroll ;\n}\n<\/style>\n<div  class='flex_column av-lwynw36w-a15de1effd232bb7d147ef40230c781a av_one_half  avia-builder-el-4  el_before_av_one_half  avia-builder-el-first  minheight-mobileimg first no_margin flex_column_table_cell av-equal-height-column av-align-top av-animated-generic fade-in avia-full-stretch'     ><\/div>\n<style type=\"text\/css\" data-created_by=\"avia_inline_auto\" id=\"style-css-av-lwynkyq2-0456e6dcc901ba9b4e59fdaaa34c0f8b\">\n.flex_column.av-lwynkyq2-0456e6dcc901ba9b4e59fdaaa34c0f8b{\nbackground-color:#f8d185;\n}\n<\/style>\n<div  class='flex_column av-lwynkyq2-0456e6dcc901ba9b4e59fdaaa34c0f8b av_one_half  avia-builder-el-5  el_after_av_one_half  avia-builder-el-last  no_margin flex_column_table_cell av-equal-height-column av-align-top av-animated-generic fade-in-right'     ><p><section  class='av_textblock_section av-lwynp007-5a0c827fcb7c7acfde212b631598ee9e'   itemscope=\"itemscope\" itemtype=\"https:\/\/schema.org\/CreativeWork\" ><div class='avia_textblock top-header-picto'  itemprop=\"text\" ><p><img loading=\"lazy\" decoding=\"async\" class=\"alignnone wp-image-1618\" src=\"\/uploads\/2023\/06\/illu-carton-baguette-bleu-noz.svg\" alt=\"\" width=\"171\" height=\"171\" \/><\/p>\n<\/div><\/section><br \/>\n<section  class='av_textblock_section av-lwynk0wt-7f80ad632e6e8b48e54cb2b7d3c60382'   itemscope=\"itemscope\" itemtype=\"https:\/\/schema.org\/CreativeWork\" ><div class='avia_textblock top-header-hn'  itemprop=\"text\" ><h1>The NOZ'letter<\/h1>\n<\/div><\/section><br \/>\n<section  class='av_textblock_section av-lwynk5s0-cbeef0ca1317765b1b4c3be602c6a6bf'   itemscope=\"itemscope\" itemtype=\"https:\/\/schema.org\/CreativeWork\" ><div class='avia_textblock top-header-subtitle'  itemprop=\"text\" ><p>Would you like to receive a selection of good deals to be found in your NOZ store every week in your mailbox?<\/p>\n<p>Subscribe to the NOZ'letter<\/p>\n<\/div><\/section><\/p><\/div><\/div><!--close column table wrapper. Autoclose: 1 -->\n<\/p>\n<\/div><\/div><\/div><!-- close content main div --><\/div><\/div>\n<style type=\"text\/css\" data-created_by=\"avia_inline_auto\" id=\"style-css-av-lwynpqrj-395166aedad0088d751dd99c42a47f40\">\n.avia-section.av-lwynpqrj-395166aedad0088d751dd99c42a47f40{\nmargin-top:-50px;\nmargin-bottom:0px;\n}\n<\/style>\n<div id='av_section_3'  class='avia-section av-lwynpqrj-395166aedad0088d751dd99c42a47f40 main_color avia-section-default avia-no-border-styling  avia-builder-el-9  el_after_av_section  el_before_av_section  formcontact-page nozletter-contactform avia-bg-style-scroll container_wrap fullsize'  ><div class='container av-section-cont-open' ><div class='template-page content  av-content-full alpha units'><div class='post-entry post-entry-type-page post-entry-21916'><div class='entry-content-wrapper clearfix'>\n\n<style type=\"text\/css\" data-created_by=\"avia_inline_auto\" id=\"style-css-av-lwyp1a6a-10f74cbc6e8e8296748d31e1a5e5895e\">\n.flex_column.av-lwyp1a6a-10f74cbc6e8e8296748d31e1a5e5895e{\nbackground-color:#eaeff8;\n}\n<\/style>\n<div  class='flex_column av-lwyp1a6a-10f74cbc6e8e8296748d31e1a5e5895e av_one_full  avia-builder-el-10  avia-builder-el-no-sibling  first flex_column_div av-animated-generic fade-in'     ><section  class='av_textblock_section av-lwynkewt-3f1665fcc5e012124842a7a35b43f927'   itemscope=\"itemscope\" itemtype=\"https:\/\/schema.org\/CreativeWork\" ><div class='avia_textblock title-hn-content'  itemprop=\"text\" ><h2>Registration Form to the NOZ'letter<\/h2>\n<\/div><\/section><br \/>\n<\/p><\/div>\n\n<\/div><\/div><\/div><!-- close content main div --><\/div><\/div><div id='av_section_4'  class='avia-section av-lwynpi49-329e76cb31c422dc962a778128cb8288 main_color avia-section-default avia-no-border-styling  avia-builder-el-13  el_after_av_section  avia-builder-el-last  nozletter-rs avia-bg-style-scroll container_wrap fullsize'  ><div class='container av-section-cont-open' ><div class='template-page content  av-content-full alpha units'><div class='post-entry post-entry-type-page post-entry-21916'><div class='entry-content-wrapper clearfix'>\n<div  class='flex_column av-vn0ubg-262fdf7304b6ff7b046942bb5d8f5a31 av_one_full  avia-builder-el-14  avia-builder-el-no-sibling  first flex_column_div'     ><p><section  class='av_textblock_section av-lwynq1sc-afba77d03c61db80ca511532855f284b'   itemscope=\"itemscope\" itemtype=\"https:\/\/schema.org\/CreativeWork\" ><div class='avia_textblock hnstyle-rsnzlt'  itemprop=\"text\" ><p>Follow us on social media<\/p>\n<\/div><\/section><br \/>\n<section  class='av_textblock_section av-lwynuwij-cb1198fa783867fb8ca58299f895a847'   itemscope=\"itemscope\" itemtype=\"https:\/\/schema.org\/CreativeWork\" ><div class='avia_textblock rsnzlt-rslogos'  itemprop=\"text\" ><p><a href=\"https:\/\/www.facebook.com\/UniversNOZ\" target=\"_blank\" rel=\"noopener\"><img loading=\"lazy\" decoding=\"async\" class=\"alignnone size-full wp-image-21923\" style=\"width: 50px;\" src=\"http:\/\/www.noz.fr\/uploads\/2024\/06\/Group-155.svg\" alt=\"\" width=\"50\" height=\"50\" \/><\/a> <a href=\"https:\/\/www.instagram.com\/noz_officiel\/\" target=\"_blank\" rel=\"noopener\"><img loading=\"lazy\" decoding=\"async\" class=\"alignnone size-medium wp-image-21922\" style=\"width: 50px;\" src=\"http:\/\/www.noz.fr\/uploads\/2024\/06\/Group-156.svg\" alt=\"\" width=\"300\" height=\"300\" \/><\/a> <a href=\"https:\/\/www.linkedin.com\/company\/lunivers-noz\/?originalSubdomain=fr\" target=\"_blank\" rel=\"noopener\"><img loading=\"lazy\" decoding=\"async\" class=\"alignnone size-medium wp-image-21921\" style=\"width: 50px;\" src=\"http:\/\/www.noz.fr\/uploads\/2024\/06\/Group-157.svg\" alt=\"\" width=\"300\" height=\"300\" \/><\/a> <a href=\"https:\/\/www.youtube.com\/@universnoz53\" target=\"_blank\" rel=\"noopener\"><img loading=\"lazy\" decoding=\"async\" class=\"alignnone size-medium wp-image-21920\" style=\"width: 50px;\" src=\"http:\/\/www.noz.fr\/uploads\/2024\/06\/Group-158.svg\" alt=\"\" width=\"300\" height=\"300\" \/><\/a> <a href=\"https:\/\/www.tiktok.com\/@nozofficiel\" target=\"_blank\" rel=\"noopener\"><img loading=\"lazy\" decoding=\"async\" class=\"alignnone size-medium wp-image-21919\" style=\"width: 50px;\" src=\"http:\/\/www.noz.fr\/uploads\/2024\/06\/Group-414.svg\" alt=\"\" width=\"300\" height=\"300\" \/><\/a> <a href=\"#\"><img loading=\"lazy\" decoding=\"async\" class=\"alignnone size-full wp-image-21918\" style=\"width: 50px;\" src=\"http:\/\/www.noz.fr\/uploads\/2024\/06\/Group-415.svg\" alt=\"\" width=\"50\" height=\"50\" \/><\/a><\/p>\n<\/div><\/section><\/p><\/div>","protected":false},"excerpt":{"rendered":"","protected":false},"author":1,"featured_media":0,"parent":0,"menu_order":0,"comment_status":"closed","ping_status":"closed","template":"","meta":{"_acf_changed":false,"inline_featured_image":false,"footnotes":"","_links_to":"","_links_to_target":""},"class_list":["post-21916","page","type-page","status-publish","hentry"],"acf":[],"yoast_head":"<!-- This site is optimized with the Yoast SEO plugin v27.3 - https:\/\/yoast.com\/product\/yoast-seo-wordpress\/ -->\n<title>La NOZ\u2019letter - Noz<\/title>\n<meta name=\"description\" content=\"Et si vous d\u00e9couvriez chaque semaine un aper\u00e7u des arrivages de votre magasin NOZ pr\u00e9f\u00e9r\u00e9 ? Abonnez-vous \u00e0 la NOZ&#039;letter !\" \/>\n<meta name=\"robots\" content=\"noindex, nofollow\" \/>\n<meta property=\"og:locale\" content=\"en_GB\" \/>\n<meta property=\"og:type\" content=\"article\" \/>\n<meta property=\"og:title\" content=\"La NOZ\u2019letter - Noz\" \/>\n<meta property=\"og:description\" content=\"Et si vous d\u00e9couvriez chaque semaine un aper\u00e7u des arrivages de votre magasin NOZ pr\u00e9f\u00e9r\u00e9 ? Abonnez-vous \u00e0 la NOZ&#039;letter !\" \/>\n<meta property=\"og:url\" content=\"https:\/\/www.noz.fr\/en\/les-magasins-noz\/\" \/>\n<meta property=\"og:site_name\" content=\"Noz\" \/>\n<meta property=\"article:modified_time\" content=\"2024-07-17T08:08:06+00:00\" \/>\n<meta property=\"og:image\" content=\"http:\/\/www.noz.fr\/uploads\/2024\/06\/Group-155.svg\" \/>\n<meta name=\"twitter:card\" content=\"summary_large_image\" \/>\n<meta name=\"twitter:label1\" content=\"Estimated reading time\" \/>\n\t<meta name=\"twitter:data1\" content=\"2 minutes\" \/>\n<script type=\"application\/ld+json\" class=\"yoast-schema-graph\">{\"@context\":\"https:\\\/\\\/schema.org\",\"@graph\":[{\"@type\":\"WebPage\",\"@id\":\"https:\\\/\\\/www.noz.fr\\\/la-nozletter\\\/\",\"url\":\"https:\\\/\\\/www.noz.fr\\\/les-magasins-noz\\\/\",\"name\":\"La NOZ\u2019letter - Noz\",\"isPartOf\":{\"@id\":\"https:\\\/\\\/www.noz.fr\\\/#website\"},\"primaryImageOfPage\":{\"@id\":\"https:\\\/\\\/www.noz.fr\\\/les-magasins-noz\\\/#primaryimage\"},\"image\":{\"@id\":\"https:\\\/\\\/www.noz.fr\\\/les-magasins-noz\\\/#primaryimage\"},\"thumbnailUrl\":\"http:\\\/\\\/www.noz.fr\\\/uploads\\\/2024\\\/06\\\/Group-155.svg\",\"datePublished\":\"2024-06-06T07:49:29+00:00\",\"dateModified\":\"2024-07-17T08:08:06+00:00\",\"description\":\"Et si vous d\u00e9couvriez chaque semaine un aper\u00e7u des arrivages de votre magasin NOZ pr\u00e9f\u00e9r\u00e9 ? Abonnez-vous \u00e0 la NOZ'letter !\",\"breadcrumb\":{\"@id\":\"https:\\\/\\\/www.noz.fr\\\/les-magasins-noz\\\/#breadcrumb\"},\"inLanguage\":\"en-GB\",\"potentialAction\":[{\"@type\":\"ReadAction\",\"target\":[\"https:\\\/\\\/www.noz.fr\\\/les-magasins-noz\\\/\"]}]},{\"@type\":\"ImageObject\",\"inLanguage\":\"en-GB\",\"@id\":\"https:\\\/\\\/www.noz.fr\\\/les-magasins-noz\\\/#primaryimage\",\"url\":\"http:\\\/\\\/www.noz.fr\\\/uploads\\\/2024\\\/06\\\/Group-155.svg\",\"contentUrl\":\"http:\\\/\\\/www.noz.fr\\\/uploads\\\/2024\\\/06\\\/Group-155.svg\"},{\"@type\":\"BreadcrumbList\",\"@id\":\"https:\\\/\\\/www.noz.fr\\\/les-magasins-noz\\\/#breadcrumb\",\"itemListElement\":[{\"@type\":\"ListItem\",\"position\":1,\"name\":\"Accueil\",\"item\":\"https:\\\/\\\/www.noz.fr\\\/\"},{\"@type\":\"ListItem\",\"position\":2,\"name\":\"La NOZ\u2019letter\"}]},{\"@type\":\"WebSite\",\"@id\":\"https:\\\/\\\/www.noz.fr\\\/#website\",\"url\":\"https:\\\/\\\/www.noz.fr\\\/\",\"name\":\"Noz\",\"description\":\"\",\"potentialAction\":[{\"@type\":\"SearchAction\",\"target\":{\"@type\":\"EntryPoint\",\"urlTemplate\":\"https:\\\/\\\/www.noz.fr\\\/?s={search_term_string}\"},\"query-input\":{\"@type\":\"PropertyValueSpecification\",\"valueRequired\":true,\"valueName\":\"search_term_string\"}}],\"inLanguage\":\"en-GB\"}]}<\/script>\n<!-- \/ Yoast SEO plugin. -->","yoast_head_json":{"title":"La NOZ\u2019letter - Noz","description":"Et si vous d\u00e9couvriez chaque semaine un aper\u00e7u des arrivages de votre magasin NOZ pr\u00e9f\u00e9r\u00e9 ? Abonnez-vous \u00e0 la NOZ'letter !","robots":{"index":"noindex","follow":"nofollow"},"og_locale":"en_GB","og_type":"article","og_title":"La NOZ\u2019letter - Noz","og_description":"Et si vous d\u00e9couvriez chaque semaine un aper\u00e7u des arrivages de votre magasin NOZ pr\u00e9f\u00e9r\u00e9 ? Abonnez-vous \u00e0 la NOZ'letter !","og_url":"https:\/\/www.noz.fr\/en\/les-magasins-noz\/","og_site_name":"Noz","article_modified_time":"2024-07-17T08:08:06+00:00","og_image":[{"url":"http:\/\/www.noz.fr\/uploads\/2024\/06\/Group-155.svg","type":"","width":"","height":""}],"twitter_card":"summary_large_image","twitter_misc":{"Estimated reading time":"2 minutes"},"schema":{"@context":"https:\/\/schema.org","@graph":[{"@type":"WebPage","@id":"https:\/\/www.noz.fr\/la-nozletter\/","url":"https:\/\/www.noz.fr\/les-magasins-noz\/","name":"La NOZ\u2019letter - Noz","isPartOf":{"@id":"https:\/\/www.noz.fr\/#website"},"primaryImageOfPage":{"@id":"https:\/\/www.noz.fr\/les-magasins-noz\/#primaryimage"},"image":{"@id":"https:\/\/www.noz.fr\/les-magasins-noz\/#primaryimage"},"thumbnailUrl":"http:\/\/www.noz.fr\/uploads\/2024\/06\/Group-155.svg","datePublished":"2024-06-06T07:49:29+00:00","dateModified":"2024-07-17T08:08:06+00:00","description":"Et si vous d\u00e9couvriez chaque semaine un aper\u00e7u des arrivages de votre magasin NOZ pr\u00e9f\u00e9r\u00e9 ? Abonnez-vous \u00e0 la NOZ'letter !","breadcrumb":{"@id":"https:\/\/www.noz.fr\/les-magasins-noz\/#breadcrumb"},"inLanguage":"en-GB","potentialAction":[{"@type":"ReadAction","target":["https:\/\/www.noz.fr\/les-magasins-noz\/"]}]},{"@type":"ImageObject","inLanguage":"en-GB","@id":"https:\/\/www.noz.fr\/les-magasins-noz\/#primaryimage","url":"http:\/\/www.noz.fr\/uploads\/2024\/06\/Group-155.svg","contentUrl":"http:\/\/www.noz.fr\/uploads\/2024\/06\/Group-155.svg"},{"@type":"BreadcrumbList","@id":"https:\/\/www.noz.fr\/les-magasins-noz\/#breadcrumb","itemListElement":[{"@type":"ListItem","position":1,"name":"Accueil","item":"https:\/\/www.noz.fr\/"},{"@type":"ListItem","position":2,"name":"La NOZ\u2019letter"}]},{"@type":"WebSite","@id":"https:\/\/www.noz.fr\/#website","url":"https:\/\/www.noz.fr\/","name":"Noz","description":"","potentialAction":[{"@type":"SearchAction","target":{"@type":"EntryPoint","urlTemplate":"https:\/\/www.noz.fr\/?s={search_term_string}"},"query-input":{"@type":"PropertyValueSpecification","valueRequired":true,"valueName":"search_term_string"}}],"inLanguage":"en-GB"}]}},"_links":{"self":[{"href":"https:\/\/www.noz.fr\/en\/wp-json\/wp\/v2\/pages\/21916","targetHints":{"allow":["GET"]}}],"collection":[{"href":"https:\/\/www.noz.fr\/en\/wp-json\/wp\/v2\/pages"}],"about":[{"href":"https:\/\/www.noz.fr\/en\/wp-json\/wp\/v2\/types\/page"}],"author":[{"embeddable":true,"href":"https:\/\/www.noz.fr\/en\/wp-json\/wp\/v2\/users\/1"}],"replies":[{"embeddable":true,"href":"https:\/\/www.noz.fr\/en\/wp-json\/wp\/v2\/comments?post=21916"}],"version-history":[{"count":2,"href":"https:\/\/www.noz.fr\/en\/wp-json\/wp\/v2\/pages\/21916\/revisions"}],"predecessor-version":[{"id":27051,"href":"https:\/\/www.noz.fr\/en\/wp-json\/wp\/v2\/pages\/21916\/revisions\/27051"}],"wp:attachment":[{"href":"https:\/\/www.noz.fr\/en\/wp-json\/wp\/v2\/media?parent=21916"}],"curies":[{"name":"wp","href":"https:\/\/api.w.org\/{rel}","templated":true}]}}