{"id":238,"date":"2023-06-06T15:44:33","date_gmt":"2023-06-06T13:44:33","guid":{"rendered":"https:\/\/noz.ae2agence.ovh\/?page_id=238"},"modified":"2024-03-01T09:06:01","modified_gmt":"2024-03-01T08:06:01","slug":"mentions-legales","status":"publish","type":"page","link":"https:\/\/www.noz.fr\/es\/mentions-legales\/","title":{"rendered":"Avisos legales"},"content":{"rendered":"<style type=\"text\/css\" data-created_by=\"avia_inline_auto\" id=\"style-css-av-av_section-a77894751ed87221d2941b40c9b15cac\">\n.avia-section.av-av_section-a77894751ed87221d2941b40c9b15cac{\nmargin-top:50px;\nmargin-bottom:-90px;\n}\n<\/style>\n<div id='av_section_1'  class='avia-section av-av_section-a77894751ed87221d2941b40c9b15cac main_color avia-section-default avia-no-border-styling  avia-builder-el-0  el_before_av_section  avia-builder-el-first  container-filariane avia-bg-style-scroll container_wrap fullsize'  ><div class='container av-section-cont-open' ><main  role=\"main\" itemprop=\"mainContentOfPage\"  class='template-page content  av-content-full alpha units'><div class='post-entry post-entry-type-page post-entry-238'><div class='entry-content-wrapper clearfix'>\n<div  class='flex_column av-av_one_full-7420270dda896a7728e3c90b94d24f81 av_one_full  avia-builder-el-1  avia-builder-el-no-sibling  first flex_column_div'     ><\/div>\n\n<\/div><\/div><\/main><!-- close content main element --><\/div><\/div><div id='av_section_2'  class='avia-section av-likac9qp-0727d140fc8401a0be20af0fdbd4bf37 main_color avia-section-default avia-no-border-styling  avia-builder-el-3  el_after_av_section  el_before_av_section  top-header-type-img-title avia-bg-style-scroll container_wrap fullsize'  ><div class='container av-section-cont-open' ><div class='template-page content  av-content-full alpha units'><div class='post-entry post-entry-type-page post-entry-238'><div class='entry-content-wrapper clearfix'>\n<div class='flex_column_table av-lika5gpu-c8502c494837e9318eb2ffd73369c8d8 sc-av_one_half av-mobile-columns-flex av-columns-reverse av-equal-height-column-flextable'>\n<style type=\"text\/css\" data-created_by=\"avia_inline_auto\" id=\"style-css-av-lika5gpu-c8502c494837e9318eb2ffd73369c8d8\">\n.flex_column.av-lika5gpu-c8502c494837e9318eb2ffd73369c8d8{\nbackground:url(https:\/\/www.noz.fr\/uploads\/2023\/09\/noz-mentions-legales.jpg) 50% 50% no-repeat scroll ;\n}\n<\/style>\n<div  class='flex_column av-lika5gpu-c8502c494837e9318eb2ffd73369c8d8 av_one_half  avia-builder-el-4  el_before_av_one_half  avia-builder-el-first  first no_margin flex_column_table_cell av-equal-height-column av-align-top avia-full-stretch'     ><\/div>\n<style type=\"text\/css\" data-created_by=\"avia_inline_auto\" id=\"style-css-av-likal0rh-13d0997efd254f8073a95664b7547c2c\">\n.flex_column.av-likal0rh-13d0997efd254f8073a95664b7547c2c{\nbackground-color:#c9d6ec;\n}\n<\/style>\n<div  class='flex_column av-likal0rh-13d0997efd254f8073a95664b7547c2c av_one_half  avia-builder-el-5  el_after_av_one_half  avia-builder-el-last  no_margin flex_column_table_cell av-equal-height-column av-align-top'     ><p><section  class='av_textblock_section av-lika5t4i-acdf85ac78410de798552679aadc9308'   itemscope=\"itemscope\" itemtype=\"https:\/\/schema.org\/CreativeWork\" ><div class='avia_textblock top-header-picto'  itemprop=\"text\" ><p><img loading=\"lazy\" decoding=\"async\" class=\"alignnone size-full wp-image-31\" src=\"http:\/\/www.noz.fr\/uploads\/2023\/06\/illu-etoile-noz.svg\" alt=\"\" width=\"113\" height=\"119\" \/><\/p>\n<\/div><\/section><br \/>\n<section  class='av_textblock_section av-lika6ich-4eabe23656bd7662218008893a64739c'   itemscope=\"itemscope\" itemtype=\"https:\/\/schema.org\/CreativeWork\" ><div class='avia_textblock top-header-hn'  itemprop=\"text\" ><h1>Avisos legales<\/h1>\n<\/div><\/section><br \/>\n<section  class='av_textblock_section av-lika6vaz-9506950ed30353130bf32b356488ba7f'   itemscope=\"itemscope\" itemtype=\"https:\/\/schema.org\/CreativeWork\" ><div class='avia_textblock top-header-subtitle'  itemprop=\"text\" ><\/div><\/section><\/p><\/div><\/div><!--close column table wrapper. Autoclose: 1 -->\n\n<\/div><\/div><\/div><!-- close content main div --><\/div><\/div>\n<style type=\"text\/css\" data-created_by=\"avia_inline_auto\" id=\"style-css-av-likcige5-ec8fd52b655060b0dabb189f35e38ffa\">\n.avia-section.av-likcige5-ec8fd52b655060b0dabb189f35e38ffa{\nbackground-color:#f8f8f8;\nbackground-image:unset;\n}\n<\/style>\n<div id='av_section_3'  class='avia-section av-likcige5-ec8fd52b655060b0dabb189f35e38ffa main_color avia-section-default avia-no-border-styling  avia-builder-el-9  el_after_av_section  el_before_av_section  avia-bg-style-scroll container_wrap fullsize'  ><div class='container av-section-cont-open' ><div class='template-page content  av-content-full alpha units'><div class='post-entry post-entry-type-page post-entry-238'><div class='entry-content-wrapper clearfix'>\n<div  class='flex_column av-qqgby-1e8e241a1f018e29a634a81b70d95a1c av_one_full  avia-builder-el-10  avia-builder-el-no-sibling  first flex_column_div'     ><section  class='av_textblock_section av-likcim1m-aca6ec95e2cf515ffa2ad4f56c2a3154'   itemscope=\"itemscope\" itemtype=\"https:\/\/schema.org\/CreativeWork\" ><div class='avia_textblock title-hn-content'  itemprop=\"text\" ><h2>H\u00e9bergement<\/h2>\n<\/div><\/section><br \/>\n<section  class='av_textblock_section av-likcipwr-47d3f37185b89f860d5321de028ce125'   itemscope=\"itemscope\" itemtype=\"https:\/\/schema.org\/CreativeWork\" ><div class='avia_textblock'  itemprop=\"text\" ><p>OVH Sarl, 2 rue Kellermann \u2013 59100 Roubaix \u2013 France.<\/p>\n<\/div><\/section><\/p><\/div>\n\n<\/div><\/div><\/div><!-- close content main div --><\/div><\/div><div id='av_section_4'  class='avia-section av-likcjweq-0b1a023643a33f23d5ed531ffccf2926 main_color avia-section-default avia-no-border-styling  avia-builder-el-13  el_after_av_section  avia-builder-el-last  avia-bg-style-scroll container_wrap fullsize'  ><div class='container av-section-cont-open' ><div class='template-page content  av-content-full alpha units'><div class='post-entry post-entry-type-page post-entry-238'><div class='entry-content-wrapper clearfix'>\n<div  class='flex_column av-m9zbq-31b5d2dfa56f90db95a375074b694f49 av_one_full  avia-builder-el-14  avia-builder-el-no-sibling  first flex_column_div'     ><section  class='av_textblock_section av-likcjyhp-098966f7126c2fbad5dfbf68ab3a2bef'   itemscope=\"itemscope\" itemtype=\"https:\/\/schema.org\/CreativeWork\" ><div class='avia_textblock title-hn-content'  itemprop=\"text\" ><h2>Directeur de la publication<\/h2>\n<\/div><\/section><br \/>\n<section  class='av_textblock_section av-likck28b-cfffc82a68c1f21aba16d0d1faa7f4b1'   itemscope=\"itemscope\" itemtype=\"https:\/\/schema.org\/CreativeWork\" ><div class='avia_textblock'  itemprop=\"text\" ><p>S.F.N.<br \/>\nSoci\u00e9t\u00e9 par actions simplifi\u00e9e<br \/>\nRCS de Laval, num\u00e9ro 393 948 690<br \/>\nCapital social : 6 400 euros<br \/>\nSi\u00e8ge social : ZA Le Ch\u00e2telier II, 5 et 17 Rue de Corbusson 53940 SAINT-BERTHEVIN<br \/>\nTVA : FR22393948690<br \/>\nT\u00e9l\u00e9phone : +33 (0)2 43 01 53 54<br \/>\nEmail : service.client@noz.fr<\/p>\n<\/div><\/section><\/p><\/div>","protected":false},"excerpt":{"rendered":"","protected":false},"author":1,"featured_media":0,"parent":0,"menu_order":0,"comment_status":"closed","ping_status":"closed","template":"","meta":{"_acf_changed":false,"inline_featured_image":false,"footnotes":"","_links_to":"","_links_to_target":""},"class_list":["post-238","page","type-page","status-publish","hentry"],"acf":[],"yoast_head":"<!-- This site is optimized with the Yoast SEO plugin v27.3 - https:\/\/yoast.com\/product\/yoast-seo-wordpress\/ -->\n<title>Mentions l\u00e9gales - Noz<\/title>\n<meta name=\"robots\" content=\"index, follow, max-snippet:-1, max-image-preview:large, max-video-preview:-1\" \/>\n<link rel=\"canonical\" href=\"https:\/\/www.noz.fr\/es\/mentions-legales\/\" \/>\n<meta property=\"og:locale\" content=\"es_ES\" \/>\n<meta property=\"og:type\" content=\"article\" \/>\n<meta property=\"og:title\" content=\"Mentions l\u00e9gales - Noz\" \/>\n<meta property=\"og:url\" content=\"https:\/\/www.noz.fr\/es\/mentions-legales\/\" \/>\n<meta property=\"og:site_name\" content=\"Noz\" \/>\n<meta property=\"article:modified_time\" content=\"2024-03-01T08:06:01+00:00\" \/>\n<meta property=\"og:image\" content=\"http:\/\/www.noz.fr\/uploads\/2023\/06\/illu-etoile-noz.svg\" \/>\n<meta name=\"twitter:card\" content=\"summary_large_image\" \/>\n<meta name=\"twitter:label1\" content=\"Tiempo de lectura\" \/>\n\t<meta name=\"twitter:data1\" content=\"1 minuto\" \/>\n<script type=\"application\/ld+json\" class=\"yoast-schema-graph\">{\"@context\":\"https:\\\/\\\/schema.org\",\"@graph\":[{\"@type\":\"WebPage\",\"@id\":\"https:\\\/\\\/www.noz.fr\\\/es\\\/mentions-legales\\\/\",\"url\":\"https:\\\/\\\/www.noz.fr\\\/es\\\/mentions-legales\\\/\",\"name\":\"Mentions l\u00e9gales - Noz\",\"isPartOf\":{\"@id\":\"https:\\\/\\\/www.noz.fr\\\/#website\"},\"primaryImageOfPage\":{\"@id\":\"https:\\\/\\\/www.noz.fr\\\/es\\\/mentions-legales\\\/#primaryimage\"},\"image\":{\"@id\":\"https:\\\/\\\/www.noz.fr\\\/es\\\/mentions-legales\\\/#primaryimage\"},\"thumbnailUrl\":\"http:\\\/\\\/www.noz.fr\\\/uploads\\\/2023\\\/06\\\/illu-etoile-noz.svg\",\"datePublished\":\"2023-06-06T13:44:33+00:00\",\"dateModified\":\"2024-03-01T08:06:01+00:00\",\"breadcrumb\":{\"@id\":\"https:\\\/\\\/www.noz.fr\\\/es\\\/mentions-legales\\\/#breadcrumb\"},\"inLanguage\":\"es\",\"potentialAction\":[{\"@type\":\"ReadAction\",\"target\":[\"https:\\\/\\\/www.noz.fr\\\/es\\\/mentions-legales\\\/\"]}]},{\"@type\":\"ImageObject\",\"inLanguage\":\"es\",\"@id\":\"https:\\\/\\\/www.noz.fr\\\/es\\\/mentions-legales\\\/#primaryimage\",\"url\":\"http:\\\/\\\/www.noz.fr\\\/uploads\\\/2023\\\/06\\\/illu-etoile-noz.svg\",\"contentUrl\":\"http:\\\/\\\/www.noz.fr\\\/uploads\\\/2023\\\/06\\\/illu-etoile-noz.svg\"},{\"@type\":\"BreadcrumbList\",\"@id\":\"https:\\\/\\\/www.noz.fr\\\/es\\\/mentions-legales\\\/#breadcrumb\",\"itemListElement\":[{\"@type\":\"ListItem\",\"position\":1,\"name\":\"Accueil\",\"item\":\"https:\\\/\\\/www.noz.fr\\\/\"},{\"@type\":\"ListItem\",\"position\":2,\"name\":\"Mentions l\u00e9gales\"}]},{\"@type\":\"WebSite\",\"@id\":\"https:\\\/\\\/www.noz.fr\\\/#website\",\"url\":\"https:\\\/\\\/www.noz.fr\\\/\",\"name\":\"Noz\",\"description\":\"\",\"potentialAction\":[{\"@type\":\"SearchAction\",\"target\":{\"@type\":\"EntryPoint\",\"urlTemplate\":\"https:\\\/\\\/www.noz.fr\\\/?s={search_term_string}\"},\"query-input\":{\"@type\":\"PropertyValueSpecification\",\"valueRequired\":true,\"valueName\":\"search_term_string\"}}],\"inLanguage\":\"es\"}]}<\/script>\n<!-- \/ Yoast SEO plugin. -->","yoast_head_json":{"title":"Mentions l\u00e9gales - Noz","robots":{"index":"index","follow":"follow","max-snippet":"max-snippet:-1","max-image-preview":"max-image-preview:large","max-video-preview":"max-video-preview:-1"},"canonical":"https:\/\/www.noz.fr\/es\/mentions-legales\/","og_locale":"es_ES","og_type":"article","og_title":"Mentions l\u00e9gales - Noz","og_url":"https:\/\/www.noz.fr\/es\/mentions-legales\/","og_site_name":"Noz","article_modified_time":"2024-03-01T08:06:01+00:00","og_image":[{"url":"http:\/\/www.noz.fr\/uploads\/2023\/06\/illu-etoile-noz.svg","type":"","width":"","height":""}],"twitter_card":"summary_large_image","twitter_misc":{"Tiempo de lectura":"1 minuto"},"schema":{"@context":"https:\/\/schema.org","@graph":[{"@type":"WebPage","@id":"https:\/\/www.noz.fr\/es\/mentions-legales\/","url":"https:\/\/www.noz.fr\/es\/mentions-legales\/","name":"Mentions l\u00e9gales - Noz","isPartOf":{"@id":"https:\/\/www.noz.fr\/#website"},"primaryImageOfPage":{"@id":"https:\/\/www.noz.fr\/es\/mentions-legales\/#primaryimage"},"image":{"@id":"https:\/\/www.noz.fr\/es\/mentions-legales\/#primaryimage"},"thumbnailUrl":"http:\/\/www.noz.fr\/uploads\/2023\/06\/illu-etoile-noz.svg","datePublished":"2023-06-06T13:44:33+00:00","dateModified":"2024-03-01T08:06:01+00:00","breadcrumb":{"@id":"https:\/\/www.noz.fr\/es\/mentions-legales\/#breadcrumb"},"inLanguage":"es","potentialAction":[{"@type":"ReadAction","target":["https:\/\/www.noz.fr\/es\/mentions-legales\/"]}]},{"@type":"ImageObject","inLanguage":"es","@id":"https:\/\/www.noz.fr\/es\/mentions-legales\/#primaryimage","url":"http:\/\/www.noz.fr\/uploads\/2023\/06\/illu-etoile-noz.svg","contentUrl":"http:\/\/www.noz.fr\/uploads\/2023\/06\/illu-etoile-noz.svg"},{"@type":"BreadcrumbList","@id":"https:\/\/www.noz.fr\/es\/mentions-legales\/#breadcrumb","itemListElement":[{"@type":"ListItem","position":1,"name":"Accueil","item":"https:\/\/www.noz.fr\/"},{"@type":"ListItem","position":2,"name":"Mentions l\u00e9gales"}]},{"@type":"WebSite","@id":"https:\/\/www.noz.fr\/#website","url":"https:\/\/www.noz.fr\/","name":"Noz","description":"","potentialAction":[{"@type":"SearchAction","target":{"@type":"EntryPoint","urlTemplate":"https:\/\/www.noz.fr\/?s={search_term_string}"},"query-input":{"@type":"PropertyValueSpecification","valueRequired":true,"valueName":"search_term_string"}}],"inLanguage":"es"}]}},"_links":{"self":[{"href":"https:\/\/www.noz.fr\/es\/wp-json\/wp\/v2\/pages\/238","targetHints":{"allow":["GET"]}}],"collection":[{"href":"https:\/\/www.noz.fr\/es\/wp-json\/wp\/v2\/pages"}],"about":[{"href":"https:\/\/www.noz.fr\/es\/wp-json\/wp\/v2\/types\/page"}],"author":[{"embeddable":true,"href":"https:\/\/www.noz.fr\/es\/wp-json\/wp\/v2\/users\/1"}],"replies":[{"embeddable":true,"href":"https:\/\/www.noz.fr\/es\/wp-json\/wp\/v2\/comments?post=238"}],"version-history":[{"count":0,"href":"https:\/\/www.noz.fr\/es\/wp-json\/wp\/v2\/pages\/238\/revisions"}],"wp:attachment":[{"href":"https:\/\/www.noz.fr\/es\/wp-json\/wp\/v2\/media?parent=238"}],"curies":[{"name":"wp","href":"https:\/\/api.w.org\/{rel}","templated":true}]}}