{"id":4436,"date":"2024-01-26T09:53:17","date_gmt":"2024-01-26T08:53:17","guid":{"rendered":"https:\/\/noz.ae2agence.ovh\/?page_id=4436"},"modified":"2025-06-11T11:46:16","modified_gmt":"2025-06-11T09:46:16","slug":"recherchez-une-offre","status":"publish","type":"page","link":"https:\/\/www.noz.fr\/es\/recherchez-une-offre\/","title":{"rendered":"Buscar una oferta"},"content":{"rendered":"<style type=\"text\/css\" data-created_by=\"avia_inline_auto\" id=\"style-css-av-ha6pqc-721bd08fa24fda551052078f234876fb\">\n.avia-section.av-ha6pqc-721bd08fa24fda551052078f234876fb{\nmargin-top:50px;\nmargin-bottom:0px;\n}\n<\/style>\n<div id='av_section_1'  class='avia-section av-ha6pqc-721bd08fa24fda551052078f234876fb main_color avia-section-no-padding avia-no-border-styling  avia-builder-el-0  el_before_av_section  avia-builder-el-first  container-filariane avia-bg-style-scroll container_wrap fullsize'  ><div class='container av-section-cont-open' ><main  role=\"main\" itemprop=\"mainContentOfPage\"  class='template-page content  av-content-full alpha units'><div class='post-entry post-entry-type-page post-entry-4436'><div class='entry-content-wrapper clearfix'>\n<div  class='flex_column av-1jy750-72570413d10a655c1db4712312487b2a av_one_full  avia-builder-el-1  avia-builder-el-no-sibling  first flex_column_div'     ><\/div>\n\n<\/div><\/div><\/main><!-- close content main element --><\/div><\/div>\n<style type=\"text\/css\" data-created_by=\"avia_inline_auto\" id=\"style-css-av-csqlmc-d0267488469434785e111dd219f0e5e6\">\n.avia-section.av-csqlmc-d0267488469434785e111dd219f0e5e6{\nmargin-top:-40px;\nmargin-bottom:0px;\n}\n<\/style>\n<div id='av_section_2'  class='avia-section av-csqlmc-d0267488469434785e111dd219f0e5e6 main_color avia-section-no-padding avia-no-border-styling  avia-builder-el-3  el_after_av_section  el_before_av_section  joblistpagenoz-formtop avia-bg-style-scroll container_wrap fullsize'  ><div class='container av-section-cont-open' ><div class='template-page content  av-content-full alpha units'><div class='post-entry post-entry-type-page post-entry-4436'><div class='entry-content-wrapper clearfix'>\n\n<style type=\"text\/css\" data-created_by=\"avia_inline_auto\" id=\"style-css-av-azpmxg-67c8b629c134c2014fedd2a5d56a567e\">\n#top .flex_column.av-azpmxg-67c8b629c134c2014fedd2a5d56a567e{\nmargin-top:0px;\nmargin-bottom:0px;\n}\n.flex_column.av-azpmxg-67c8b629c134c2014fedd2a5d56a567e{\nbackground-color:#aad3bc;\n}\n.responsive #top #wrap_all .flex_column.av-azpmxg-67c8b629c134c2014fedd2a5d56a567e{\nmargin-top:0px;\nmargin-bottom:0px;\n}\n\n@media only screen and (max-width: 479px){ \n#top .flex_column.av-azpmxg-67c8b629c134c2014fedd2a5d56a567e{\nmargin-bottom:-25px;\n}\n.responsive #top #wrap_all .flex_column.av-azpmxg-67c8b629c134c2014fedd2a5d56a567e{\nmargin-bottom:-25px;\n}\n}\n<\/style>\n<div  class='flex_column av-azpmxg-67c8b629c134c2014fedd2a5d56a567e av_one_full  avia-builder-el-4  avia-builder-el-no-sibling  contentfiltertop-joblistpage first flex_column_div'     ><section  class='av_textblock_section av-8ouydw-47cb53b4103d42d859c5b41b5dd931eb'   itemscope=\"itemscope\" itemtype=\"https:\/\/schema.org\/CreativeWork\" ><div class='avia_textblock'  itemprop=\"text\" ><h1 style=\"text-align: center;\">Buscar una oferta<\/h1>\n<div id=\"gtx-trans\" style=\"position: absolute; left: -134px; top: -6.23438px;\">\n<div class=\"gtx-trans-icon\"><\/div>\n<\/div>\n<\/div><\/section><br \/>\n<\/p><\/div>\n\n<\/div><\/div><\/div><!-- close content main div --><\/div><\/div>\n<style type=\"text\/css\" data-created_by=\"avia_inline_auto\" id=\"style-css-av-ls3s12yq-264996d2f2f578403fb348c9f959bc3a\">\n.avia-section.av-ls3s12yq-264996d2f2f578403fb348c9f959bc3a{\nmargin-top:25px;\nmargin-bottom:-70px;\n}\n<\/style>\n<div id='av_section_3'  class='avia-section av-ls3s12yq-264996d2f2f578403fb348c9f959bc3a main_color avia-section-default avia-no-border-styling  avia-builder-el-7  el_after_av_section  el_before_av_section  avia-bg-style-scroll container_wrap fullsize'  ><div class='container av-section-cont-open' ><div class='template-page content  av-content-full alpha units'><div class='post-entry post-entry-type-page post-entry-4436'><div class='entry-content-wrapper clearfix'>\n<div  class='flex_column av-37jh2s-20352fff0362752fb998cafb5c473633 av_one_full  avia-builder-el-8  avia-builder-el-no-sibling  first flex_column_div'     ><section  class='av_textblock_section av-ls3s0x84-efefcc14ee16075dac36507607859b7d'   itemscope=\"itemscope\" itemtype=\"https:\/\/schema.org\/CreativeWork\" ><div class='avia_textblock title-hn-content'  itemprop=\"text\" ><h2 style=\"text-align: center;\">Encuentra todas nuestras ofertas<\/h2>\n<\/div><\/section><\/div>\n\n<\/div><\/div><\/div><!-- close content main div --><\/div><\/div><div id='av_section_4'  class='avia-section av-860ddg-80f00f098c86da4f2f5183a358870056 main_color avia-section-default avia-no-border-styling  avia-builder-el-10  el_after_av_section  avia-builder-el-last  offres-liste-noz avia-bg-style-scroll container_wrap fullsize'  ><div class='container av-section-cont-open' ><div class='template-page content  av-content-full alpha units'><div class='post-entry post-entry-type-page post-entry-4436'><div class='entry-content-wrapper clearfix'>\n\n<style type=\"text\/css\" data-created_by=\"avia_inline_auto\" id=\"style-css-av-6cktzo-8de3d65af648ba0c223f428bcc593897\">\n.flex_column.av-6cktzo-8de3d65af648ba0c223f428bcc593897{\nwidth:38.2%;\n}\n<\/style>\n<div  class='flex_column av-6cktzo-8de3d65af648ba0c223f428bcc593897 av_two_fifth  avia-builder-el-11  el_before_av_three_fifth  avia-builder-el-first  first flex_column_div'     ><section  class='av_textblock_section av-m98bc4cs-d7d5d5577a44be12cd5bf300dc8beb8e'   itemscope=\"itemscope\" itemtype=\"https:\/\/schema.org\/CreativeWork\" ><div class='avia_textblock candidaturespon-pageoffres'  itemprop=\"text\" ><p style=\"text-align: center;\"><a href=\"https:\/\/nozrecrute.recruitee.com\/o\/candidature-spontanee-1\">Candidatura espont\u00e1nea<\/a><\/p>\n<\/div><\/section><br \/>\n<section  class='av_textblock_section av-mbgqjarw-69bdd7cfb3d2bf74335c704732a55700'   itemscope=\"itemscope\" itemtype=\"https:\/\/schema.org\/CreativeWork\" ><div class='avia_textblock candidaturespon-pageoffres'  itemprop=\"text\" ><p style=\"text-align: center;\"><a href=\"https:\/\/nozrecrute.recruitee.com\/o\/devenez-gerant-mandataire\">Quiero gestionar mi propia tienda<\/a><\/p>\n<\/div><\/section><br \/>\n<\/p><\/div>\n<style type=\"text\/css\" data-created_by=\"avia_inline_auto\" id=\"style-css-av-2sscpg-54b86fcab664d8bca8b915a5e7c38b19\">\n.flex_column.av-2sscpg-54b86fcab664d8bca8b915a5e7c38b19{\nwidth:58.8%;\nmargin-left:3%;\n}\n<\/style>\n<div  class='flex_column av-2sscpg-54b86fcab664d8bca8b915a5e7c38b19 av_three_fifth  avia-builder-el-15  el_after_av_two_fifth  avia-builder-el-last  flex_column_div'     ><p><br \/>\n<br \/>\n<\/p><\/div>","protected":false},"excerpt":{"rendered":"","protected":false},"author":1,"featured_media":0,"parent":0,"menu_order":0,"comment_status":"closed","ping_status":"closed","template":"","meta":{"_acf_changed":false,"inline_featured_image":false,"footnotes":"","_links_to":"","_links_to_target":""},"class_list":["post-4436","page","type-page","status-publish","hentry"],"acf":[],"yoast_head":"<!-- This site is optimized with the Yoast SEO plugin v27.4 - https:\/\/yoast.com\/product\/yoast-seo-wordpress\/ -->\n<title>Recherchez une offre - Noz<\/title>\n<meta name=\"description\" content=\"Trouvez votre job id\u00e9al parmi les plus de 60 m\u00e9tiers de l&#039;Univers NOZ ! Choisissez votre secteur d&#039;activit\u00e9 et votre localisation.\" \/>\n<meta name=\"robots\" content=\"index, follow, max-snippet:-1, max-image-preview:large, max-video-preview:-1\" \/>\n<link rel=\"canonical\" href=\"https:\/\/www.noz.fr\/es\/recherchez-une-offre\/\" \/>\n<meta property=\"og:locale\" content=\"es_ES\" \/>\n<meta property=\"og:type\" content=\"article\" \/>\n<meta property=\"og:title\" content=\"Recherchez une offre - Noz\" \/>\n<meta property=\"og:description\" content=\"Trouvez votre job id\u00e9al parmi les plus de 60 m\u00e9tiers de l&#039;Univers NOZ ! Choisissez votre secteur d&#039;activit\u00e9 et votre localisation.\" \/>\n<meta property=\"og:url\" content=\"https:\/\/www.noz.fr\/es\/recherchez-une-offre\/\" \/>\n<meta property=\"og:site_name\" content=\"Noz\" \/>\n<meta property=\"article:modified_time\" content=\"2025-06-11T09:46:16+00:00\" \/>\n<meta name=\"twitter:card\" content=\"summary_large_image\" \/>\n<meta name=\"twitter:label1\" content=\"Tiempo de lectura\" \/>\n\t<meta name=\"twitter:data1\" content=\"1 minuto\" \/>\n<script type=\"application\/ld+json\" class=\"yoast-schema-graph\">{\"@context\":\"https:\\\/\\\/schema.org\",\"@graph\":[{\"@type\":\"WebPage\",\"@id\":\"https:\\\/\\\/www.noz.fr\\\/recherchez-une-offre\\\/\",\"url\":\"https:\\\/\\\/www.noz.fr\\\/recherchez-une-offre\\\/\",\"name\":\"Recherchez une offre - Noz\",\"isPartOf\":{\"@id\":\"https:\\\/\\\/www.noz.fr\\\/#website\"},\"datePublished\":\"2024-01-26T08:53:17+00:00\",\"dateModified\":\"2025-06-11T09:46:16+00:00\",\"description\":\"Trouvez votre job id\u00e9al parmi les plus de 60 m\u00e9tiers de l'Univers NOZ ! Choisissez votre secteur d'activit\u00e9 et votre localisation.\",\"breadcrumb\":{\"@id\":\"https:\\\/\\\/www.noz.fr\\\/recherchez-une-offre\\\/#breadcrumb\"},\"inLanguage\":\"es\",\"potentialAction\":[{\"@type\":\"ReadAction\",\"target\":[\"https:\\\/\\\/www.noz.fr\\\/recherchez-une-offre\\\/\"]}]},{\"@type\":\"BreadcrumbList\",\"@id\":\"https:\\\/\\\/www.noz.fr\\\/recherchez-une-offre\\\/#breadcrumb\",\"itemListElement\":[{\"@type\":\"ListItem\",\"position\":1,\"name\":\"Accueil\",\"item\":\"https:\\\/\\\/www.noz.fr\\\/\"},{\"@type\":\"ListItem\",\"position\":2,\"name\":\"Recherchez une offre\"}]},{\"@type\":\"WebSite\",\"@id\":\"https:\\\/\\\/www.noz.fr\\\/#website\",\"url\":\"https:\\\/\\\/www.noz.fr\\\/\",\"name\":\"Noz\",\"description\":\"\",\"potentialAction\":[{\"@type\":\"SearchAction\",\"target\":{\"@type\":\"EntryPoint\",\"urlTemplate\":\"https:\\\/\\\/www.noz.fr\\\/?s={search_term_string}\"},\"query-input\":{\"@type\":\"PropertyValueSpecification\",\"valueRequired\":true,\"valueName\":\"search_term_string\"}}],\"inLanguage\":\"es\"}]}<\/script>\n<!-- \/ Yoast SEO plugin. -->","yoast_head_json":{"title":"Recherchez une offre - Noz","description":"Trouvez votre job id\u00e9al parmi les plus de 60 m\u00e9tiers de l'Univers NOZ ! Choisissez votre secteur d'activit\u00e9 et votre localisation.","robots":{"index":"index","follow":"follow","max-snippet":"max-snippet:-1","max-image-preview":"max-image-preview:large","max-video-preview":"max-video-preview:-1"},"canonical":"https:\/\/www.noz.fr\/es\/recherchez-une-offre\/","og_locale":"es_ES","og_type":"article","og_title":"Recherchez une offre - Noz","og_description":"Trouvez votre job id\u00e9al parmi les plus de 60 m\u00e9tiers de l'Univers NOZ ! Choisissez votre secteur d'activit\u00e9 et votre localisation.","og_url":"https:\/\/www.noz.fr\/es\/recherchez-une-offre\/","og_site_name":"Noz","article_modified_time":"2025-06-11T09:46:16+00:00","twitter_card":"summary_large_image","twitter_misc":{"Tiempo de lectura":"1 minuto"},"schema":{"@context":"https:\/\/schema.org","@graph":[{"@type":"WebPage","@id":"https:\/\/www.noz.fr\/recherchez-une-offre\/","url":"https:\/\/www.noz.fr\/recherchez-une-offre\/","name":"Recherchez une offre - Noz","isPartOf":{"@id":"https:\/\/www.noz.fr\/#website"},"datePublished":"2024-01-26T08:53:17+00:00","dateModified":"2025-06-11T09:46:16+00:00","description":"Trouvez votre job id\u00e9al parmi les plus de 60 m\u00e9tiers de l'Univers NOZ ! Choisissez votre secteur d'activit\u00e9 et votre localisation.","breadcrumb":{"@id":"https:\/\/www.noz.fr\/recherchez-une-offre\/#breadcrumb"},"inLanguage":"es","potentialAction":[{"@type":"ReadAction","target":["https:\/\/www.noz.fr\/recherchez-une-offre\/"]}]},{"@type":"BreadcrumbList","@id":"https:\/\/www.noz.fr\/recherchez-une-offre\/#breadcrumb","itemListElement":[{"@type":"ListItem","position":1,"name":"Accueil","item":"https:\/\/www.noz.fr\/"},{"@type":"ListItem","position":2,"name":"Recherchez une offre"}]},{"@type":"WebSite","@id":"https:\/\/www.noz.fr\/#website","url":"https:\/\/www.noz.fr\/","name":"Noz","description":"","potentialAction":[{"@type":"SearchAction","target":{"@type":"EntryPoint","urlTemplate":"https:\/\/www.noz.fr\/?s={search_term_string}"},"query-input":{"@type":"PropertyValueSpecification","valueRequired":true,"valueName":"search_term_string"}}],"inLanguage":"es"}]}},"_links":{"self":[{"href":"https:\/\/www.noz.fr\/es\/wp-json\/wp\/v2\/pages\/4436","targetHints":{"allow":["GET"]}}],"collection":[{"href":"https:\/\/www.noz.fr\/es\/wp-json\/wp\/v2\/pages"}],"about":[{"href":"https:\/\/www.noz.fr\/es\/wp-json\/wp\/v2\/types\/page"}],"author":[{"embeddable":true,"href":"https:\/\/www.noz.fr\/es\/wp-json\/wp\/v2\/users\/1"}],"replies":[{"embeddable":true,"href":"https:\/\/www.noz.fr\/es\/wp-json\/wp\/v2\/comments?post=4436"}],"version-history":[{"count":2,"href":"https:\/\/www.noz.fr\/es\/wp-json\/wp\/v2\/pages\/4436\/revisions"}],"predecessor-version":[{"id":88574,"href":"https:\/\/www.noz.fr\/es\/wp-json\/wp\/v2\/pages\/4436\/revisions\/88574"}],"wp:attachment":[{"href":"https:\/\/www.noz.fr\/es\/wp-json\/wp\/v2\/media?parent=4436"}],"curies":[{"name":"wp","href":"https:\/\/api.w.org\/{rel}","templated":true}]}}